{"id":1552,"date":"2025-11-13T08:15:48","date_gmt":"2025-11-13T08:15:48","guid":{"rendered":"https:\/\/ecaris.fr\/?page_id=1552"},"modified":"2025-12-03T23:15:24","modified_gmt":"2025-12-03T23:15:24","slug":"legace-notice","status":"publish","type":"page","link":"https:\/\/ecaris.com\/fr\/legace-notice\/","title":{"rendered":"Legace notice"},"content":{"rendered":"<div data-elementor-type=\"wp-page\" data-elementor-id=\"1552\" class=\"elementor elementor-1552\" data-elementor-post-type=\"page\">\n\t\t\t\t<div class=\"elementor-element elementor-element-f1202aa e-flex e-con-boxed e-con e-parent\" data-id=\"f1202aa\" data-element_type=\"container\">\n\t\t\t\t\t<div class=\"e-con-inner\">\n\t\t\t\t<div class=\"elementor-element elementor-element-83147c9 elementor-widget elementor-widget-text-editor\" data-id=\"83147c9\" data-element_type=\"widget\" data-widget_type=\"text-editor.default\">\n\t\t\t\t<div class=\"elementor-widget-container\">\n\t\t\t\t\t\t\t\t\t<h2><span class=\"inline-block pb-2 relative\">Mentions l\u00e9gales \u2013 Clause de non-responsabilit\u00e9<\/span><\/h2>\n<div class=\"prose prose-lg max-w-none\">\n<p>Conform\u00e9ment aux dispositions l\u00e9gales r\u00e9gissant le commerce en ligne et la protection des consommateurs, nous fournissons les mentions l\u00e9gales suivantes. En acc\u00e9dant et en utilisant le site ECARIS.IO, vous acceptez d\u2019\u00eatre li\u00e9 par ces conditions :<\/p>\n<h5 class=\"text-xl font-semibold text-gray-800 mt-6 mb-3\"><strong>1. Contenu de notre pr\u00e9sence en ligne<\/strong><\/h5>\n<p>ECARIS s\u2019efforce de garantir que les informations fournies sur ce site sont exactes et \u00e0 jour. Toutefois, nous ne pouvons garantir l\u2019exactitude, l\u2019exhaustivit\u00e9 ou la mise \u00e0 jour du contenu. ECARIS ne pourra \u00eatre tenu responsable des erreurs ou omissions, ni des dommages r\u00e9sultant de l\u2019utilisation ou de la confiance accord\u00e9e aux informations pr\u00e9sentes sur ce site.<\/p>\n<p>ECARIS n\u2019assume aucune responsabilit\u00e9 quant \u00e0 la mise \u00e0 jour, l\u2019exactitude, l\u2019exhaustivit\u00e9 ou la qualit\u00e9 des informations fournies sur notre site. Toute r\u00e9clamation en responsabilit\u00e9 contre ECARIS concernant des dommages mat\u00e9riels ou immat\u00e9riels caus\u00e9s par l\u2019utilisation ou la non-utilisation des informations pr\u00e9sent\u00e9es, ou par l\u2019utilisation d\u2019informations incorrectes ou incompl\u00e8tes, est exclue sauf en cas de faute intentionnelle ou de n\u00e9gligence av\u00e9r\u00e9e de la part d\u2019ECARIS.<\/p>\n<h5 class=\"text-xl font-semibold text-gray-800 mt-6 mb-3\"><strong>2. R\u00e9f\u00e9rences crois\u00e9es et liens<\/strong><\/h5>\n<p>Le site Ecaris.io peut contenir des liens vers des sites externes. ECARIS n\u2019est pas responsable du contenu ni des pratiques de confidentialit\u00e9 de ces sites et ne peut \u00eatre tenu responsable des dommages r\u00e9sultant de leur utilisation.<\/p>\n<p>En cas de liens directs ou indirects vers des sites externes hors de la responsabilit\u00e9 d\u2019ECARIS, une obligation de responsabilit\u00e9 ne pourrait s\u2019appliquer que si ECARIS avait connaissance du contenu illicite et qu\u2019il \u00e9tait techniquement possible et raisonnable d\u2019emp\u00eacher son utilisation. ECARIS d\u00e9clare express\u00e9ment qu\u2019au moment de la cr\u00e9ation des liens, aucun contenu ill\u00e9gal n\u2019\u00e9tait identifiable sur les sites li\u00e9s. ECARIS n\u2019a aucune influence sur la conception actuelle ou future, le contenu ou la paternit\u00e9 des sites li\u00e9s. Par cons\u00e9quent, ECARIS se distancie express\u00e9ment de tout contenu des sites li\u00e9s modifi\u00e9 apr\u00e8s la cr\u00e9ation des liens. Cette d\u00e9claration s\u2019applique \u00e0 tous les liens et r\u00e9f\u00e9rences pr\u00e9sents sur ce site, ainsi qu\u2019aux entr\u00e9es dans les livres d\u2019or, forums de discussion et listes de diffusion cr\u00e9\u00e9s par ECARIS. Seul le fournisseur de la page li\u00e9e est responsable du contenu ill\u00e9gal, incorrect ou incomplet, et notamment des dommages r\u00e9sultant de l\u2019utilisation ou de la non-utilisation des informations fournies.<\/p>\n<h5 class=\"text-xl font-semibold text-gray-800 mt-6 mb-3\"><strong>3. Protection des donn\u00e9es<\/strong><\/h5>\n<p>ECARIS collecte et traite les donn\u00e9es personnelles conform\u00e9ment aux lois applicables en mati\u00e8re de protection des donn\u00e9es, y compris le R\u00e8glement G\u00e9n\u00e9ral sur la Protection des Donn\u00e9es (RGPD) de l\u2019Union europ\u00e9enne. Veuillez consulter notre page d\u00e9di\u00e9e \u00e0 la protection des donn\u00e9es pour plus de d\u00e9tails.<\/p>\n<h5 class=\"text-xl font-semibold text-gray-800 mt-6 mb-3\"><strong>4. Validit\u00e9 juridique<\/strong><\/h5>\n<p>Le contenu de ce site est fourni \u00e0 titre informatif uniquement et ne constitue en aucun cas une offre, une sollicitation ou une incitation \u00e0 conclure une transaction ou un accord avec ECARIS. Aucune partie de ce site, qu\u2019elle soit \u00e9crite ou implicite, ne constitue un engagement juridiquement contraignant de la part d\u2019ECARIS. Toute obligation ou engagement de la part d\u2019ECARIS ne na\u00eetra qu\u2019apr\u00e8s la signature d\u2019un accord formel \u00e9crit d\u00fbment sign\u00e9 par les repr\u00e9sentants autoris\u00e9s d\u2019ECARIS et la partie concern\u00e9e.<\/p>\n<p>L\u2019exclusion de responsabilit\u00e9 d\u2019ECARIS fait partie int\u00e9grante de la pr\u00e9sence en ligne \u00e0 partir de laquelle une r\u00e9f\u00e9rence est faite \u00e0 cette page. Si certaines parties ou formulations de ce texte ne correspondent plus ou pas enti\u00e8rement \u00e0 la l\u00e9gislation applicable, cela n\u2019affecte pas la validit\u00e9 des autres parties.<\/p>\n<h5 class=\"text-xl font-semibold text-gray-800 mt-6 mb-3\"><strong>5. Propri\u00e9t\u00e9 intellectuelle<\/strong><\/h5>\n<p>Tout le contenu de ce site, y compris mais sans s\u2019y limiter : textes, images, graphiques, logos, ic\u00f4nes et logiciels, est la propri\u00e9t\u00e9 d\u2019ECARIS ou de ses conc\u00e9dants et est prot\u00e9g\u00e9 par les lois sur la propri\u00e9t\u00e9 intellectuelle. Toute utilisation, reproduction ou distribution non autoris\u00e9e de ces \u00e9l\u00e9ments est strictement interdite sans l\u2019accord \u00e9crit pr\u00e9alable d\u2019ECARIS.<\/p>\n<p>ECARIS se r\u00e9serve express\u00e9ment le droit de modifier, compl\u00e9ter, supprimer ou suspendre temporairement ou d\u00e9finitivement la publication de tout ou partie du site.<\/p>\n<h5 class=\"text-xl font-semibold text-gray-800 mt-6 mb-3\"><strong>6. \u00c9diteur du site<\/strong><\/h5>\n<p>Nom de la soci\u00e9t\u00e9 : ECARIS Sarl<br>Si\u00e8ge social : 70, route d\u2019Esch, 1470 Luxembourg, Luxembourg<br>Email Address: info@ecaris.io<br>Adresse e-mail : info@ecaris.io<\/p>\n<h5 class=\"text-xl font-semibold text-gray-800 mt-6 mb-3\"><strong>7. H\u00e9bergement du site<\/strong><\/h5>\n<p>Ce site est h\u00e9berg\u00e9 par :<\/p>\n<p><strong>OVH SAS<\/strong><\/p>\n<div>\n<p>Adresse : 2 rue Kellermann \u2013 59100 Roubaix \u2013 France<br>Tel : +33 (0)9 72 10 10 07<br>Site web : https:\/\/www.ovh.com<\/p>\n<p>OVH est une soci\u00e9t\u00e9 par actions simplifi\u00e9e au capital de 10 174 560 \u20ac, immatricul\u00e9e au RCS Lille M\u00e9tropole sous le num\u00e9ro 424 761 419 00045, dont le si\u00e8ge social est situ\u00e9 \u00e0 Roubaix (France).<\/p>\n<\/div>\n<h5 class=\"text-xl font-semibold text-gray-800 mt-6 mb-3\"><strong>8. Droit applicable<\/strong><\/h5>\n<p>Ces mentions l\u00e9gales sont r\u00e9gies par les lois du Grand-Duch\u00e9 de Luxembourg. Tout litige li\u00e9 \u00e0 l\u2019utilisation de ce site sera soumis \u00e0 la comp\u00e9tence des tribunaux de la ville de Luxembourg (Luxembourg).<\/p>\n<h5 class=\"text-xl font-semibold text-gray-800 mt-6 mb-3\"><strong>9. Contact<\/strong><\/h5>\n<p>Pour toute demande, veuillez contacter ECARIS \u00e0 :<br>Email: info@ecaris.io<br>Address: 70, route d&#8217;Esch, 1470 Luxembourg, Luxembourg<\/p><p><br><\/p><p><br><\/p>\n<\/div>\t\t\t\t\t\t\t\t<\/div>\n\t\t\t\t<\/div>\n\t\t\t\t\t<\/div>\n\t\t\t\t<\/div>\n\t\t\t\t<\/div>","protected":false},"excerpt":{"rendered":"<p>Legal Notice Disclamer In accordance with the provisions of the law governing online commerce and consumer protection, we provide the following legal notices. By accessing and using the ECARIS.IO website, you agree to be bound by these terms: 1. Content of our Internet presence ECARIS strives to ensure that the information provided on this website [&hellip;]<\/p>","protected":false},"author":2,"featured_media":0,"parent":0,"menu_order":0,"comment_status":"closed","ping_status":"closed","template":"","meta":{"_seopress_robots_primary_cat":"","_seopress_titles_title":"ECARIS Legal Notice and Disclaimer Information","_seopress_titles_desc":"Read ECARIS.IO\u2019s legal notice and disclaimer outlining website terms, liability limits, and data protection compliance under GDPR.","_seopress_robots_index":"","footnotes":""},"class_list":["post-1552","page","type-page","status-publish","hentry"],"_links":{"self":[{"href":"https:\/\/ecaris.com\/fr\/wp-json\/wp\/v2\/pages\/1552","targetHints":{"allow":["GET"]}}],"collection":[{"href":"https:\/\/ecaris.com\/fr\/wp-json\/wp\/v2\/pages"}],"about":[{"href":"https:\/\/ecaris.com\/fr\/wp-json\/wp\/v2\/types\/page"}],"author":[{"embeddable":true,"href":"https:\/\/ecaris.com\/fr\/wp-json\/wp\/v2\/users\/2"}],"replies":[{"embeddable":true,"href":"https:\/\/ecaris.com\/fr\/wp-json\/wp\/v2\/comments?post=1552"}],"version-history":[{"count":25,"href":"https:\/\/ecaris.com\/fr\/wp-json\/wp\/v2\/pages\/1552\/revisions"}],"predecessor-version":[{"id":2132,"href":"https:\/\/ecaris.com\/fr\/wp-json\/wp\/v2\/pages\/1552\/revisions\/2132"}],"wp:attachment":[{"href":"https:\/\/ecaris.com\/fr\/wp-json\/wp\/v2\/media?parent=1552"}],"curies":[{"name":"wp","href":"https:\/\/api.w.org\/{rel}","templated":true}]}}