{"id":1560,"date":"2025-11-13T08:30:06","date_gmt":"2025-11-13T08:30:06","guid":{"rendered":"https:\/\/ecaris.fr\/?page_id=1560"},"modified":"2025-12-03T23:15:55","modified_gmt":"2025-12-03T23:15:55","slug":"privacy","status":"publish","type":"page","link":"https:\/\/ecaris.com\/fr\/privacy\/","title":{"rendered":"Politique de confidentialit\u00e9"},"content":{"rendered":"<div data-elementor-type=\"wp-page\" data-elementor-id=\"1560\" class=\"elementor elementor-1560\" data-elementor-post-type=\"page\">\n\t\t\t\t<div class=\"elementor-element elementor-element-9f5463d e-flex e-con-boxed e-con e-parent\" data-id=\"9f5463d\" data-element_type=\"container\">\n\t\t\t\t\t<div class=\"e-con-inner\">\n\t\t\t\t<div class=\"elementor-element elementor-element-b35dc09 elementor-widget elementor-widget-text-editor\" data-id=\"b35dc09\" data-element_type=\"widget\" data-widget_type=\"text-editor.default\">\n\t\t\t\t<div class=\"elementor-widget-container\">\n\t\t\t\t\t\t\t\t\t<h2 class=\"text-3xl font-bold text-gray-900 mb-8 relative\"><span class=\"inline-block pb-2 relative\">Protection des donn\u00e9es<\/span><\/h2><div class=\"prose prose-lg max-w-none\"><p class=\"text-lg\">ECARIS s\u2019engage \u00e0 prot\u00e9ger vos donn\u00e9es personnelles et \u00e0 garantir votre vie priv\u00e9e. Cette politique d\u00e9crit la mani\u00e8re dont nous traitons et prot\u00e9geons les donn\u00e9es personnelles, en conformit\u00e9 avec le R\u00e8glement G\u00e9n\u00e9ral sur la Protection des Donn\u00e9es (UE) 2016\/679 (RGPD).<\/p><h5 class=\"text-2xl font-semibold text-gray-800 mt-8 mb-4\"><strong>1. Utilisation des cookies<\/strong><\/h5><p>Ce site internet n\u2019utilise pas de cookies ni d\u2019autres technologies de suivi pour collecter ou stocker des informations sur les visiteurs. ECARIS ne cherche pas \u00e0 conserver de donn\u00e9es personnelles ou d\u2019informations de navigation sur les personnes visitant le site, sauf si ces informations sont fournies volontairement par l\u2019utilisateur via des formulaires ou une communication directe. Les visiteurs peuvent naviguer sur le site sans que des donn\u00e9es soient collect\u00e9es ou stock\u00e9es par ECARIS.<\/p><h5 class=\"text-2xl font-semibold text-gray-800 mt-8 mb-4\"><strong>2. Donn\u00e9es personnelles et finalit\u00e9 du traitement<\/strong><\/h5><p>Les donn\u00e9es personnelles d\u00e9signent toute information permettant de vous identifier en tant qu\u2019individu, telle que votre nom, adresse, date de naissance, adresse e-mail, profession et coordonn\u00e9es bancaires, ainsi que des informations sensibles telles que les revenus ou les donn\u00e9es m\u00e9dicales. ECARIS collecte et traite les donn\u00e9es personnelles uniquement \u00e0 des fins sp\u00e9cifiques, explicites et l\u00e9gitimes, telles que la fourniture de services, le respect d\u2019obligations l\u00e9gales ou sur la base de votre consentement.<\/p><h5 class=\"text-2xl font-semibold text-gray-800 mt-8 mb-4\"><strong>3. Fondement juridique du traitement des donn\u00e9es<\/strong><\/h5><p>ECARIS traite vos donn\u00e9es personnelles sur l\u2019un des fondements juridiques suivants, tels que d\u00e9finis \u00e0 l\u2019Article 6 du RGPD :<\/p><ul class=\"list-disc pl-6 mb-6 space-y-2\"><li>Votre consentement (Art. 6(1)(a)),<\/li><li>La n\u00e9cessit\u00e9 du traitement pour l\u2019ex\u00e9cution d\u2019un contrat auquel vous \u00eates partie (Art. 6(1)(b)),<\/li><li>Le respect d\u2019une obligation l\u00e9gale (Art. 6(1)(c)),<\/li><li>Le traitement pour des int\u00e9r\u00eats l\u00e9gitimes poursuivis par ECARIS, \u00e0 condition que ceux-ci ne pr\u00e9valent pas sur vos droits (Art. 6(1)(f)).<\/li><\/ul><h5 class=\"text-2xl font-semibold text-gray-800 mt-8 mb-4\"><strong>4. Mesures de protection des donn\u00e9es<\/strong><\/h5><p>Nous mettons en \u0153uvre des mesures techniques et organisationnelles appropri\u00e9es afin de garantir la s\u00e9curit\u00e9 de vos donn\u00e9es personnelles, notamment pour les prot\u00e9ger contre l\u2019acc\u00e8s non autoris\u00e9, la perte ou l\u2019alt\u00e9ration. Vos donn\u00e9es sont stock\u00e9es sur des syst\u00e8mes s\u00e9curis\u00e9s et ne sont trait\u00e9es que par du personnel autoris\u00e9, dans le but pour lequel elles ont \u00e9t\u00e9 collect\u00e9es.<\/p><h5 class=\"text-2xl font-semibold text-gray-800 mt-8 mb-4\"><strong>5. Conservation des donn\u00e9es<\/strong><\/h5><p>Nous conservons vos donn\u00e9es personnelles aussi longtemps que n\u00e9cessaire pour atteindre les finalit\u00e9s pour lesquelles elles ont \u00e9t\u00e9 collect\u00e9es ou conform\u00e9ment \u00e0 la l\u00e9gislation applicable. Une fois que les donn\u00e9es ne sont plus n\u00e9cessaires pour leur finalit\u00e9 initiale ou toute obligation l\u00e9gale, elles seront supprim\u00e9es de mani\u00e8re s\u00e9curis\u00e9e ou rendues anonymes.<\/p><h5 class=\"text-2xl font-semibold text-gray-800 mt-8 mb-4\"><strong>6. Vos droits en tant que personne concern\u00e9e<\/strong><\/h5><p>Conform\u00e9ment au RGPD, vous disposez des droits suivants concernant vos donn\u00e9es personnelles :<\/p><ul class=\"list-disc pl-6 mb-6 space-y-2\"><li><strong>Droit d'acc\u00e8s :<\/strong>\u00a0Vous pouvez demander l\u2019acc\u00e8s aux donn\u00e9es personnelles d\u00e9tenues par ECARIS \u00e0 votre sujet et en obtenir une copie.<\/li><li><strong>Droit de rectification :<\/strong>\u00a0Vous pouvez nous demander de corriger toute donn\u00e9e personnelle inexacte ou incompl\u00e8te.<\/li><\/ul><\/div><p>\u00a0<\/p>\t\t\t\t\t\t\t\t<\/div>\n\t\t\t\t<\/div>\n\t\t\t\t\t<\/div>\n\t\t\t\t<\/div>\n\t\t\t\t<\/div>","protected":false},"excerpt":{"rendered":"<p>Data Protection ECARIS is committed to protecting your personal data and ensuring your privacy. This policy outlines how we process and protect personal data in compliance with the General Data Protection Regulation (EU) 2016\/679 (GDPR). 1. Use of Cookies This website does not use cookies or any other tracking technologies to collect or store information [&hellip;]<\/p>","protected":false},"author":2,"featured_media":0,"parent":0,"menu_order":0,"comment_status":"closed","ping_status":"closed","template":"","meta":{"_seopress_robots_primary_cat":"","_seopress_titles_title":"ECARIS Data Protection and GDPR Compliance Policy","_seopress_titles_desc":"Learn how ECARIS protects your personal data with strict GDPR compliance and secure processing\u2014ensuring your privacy at every step.","_seopress_robots_index":"","footnotes":""},"class_list":["post-1560","page","type-page","status-publish","hentry"],"_links":{"self":[{"href":"https:\/\/ecaris.com\/fr\/wp-json\/wp\/v2\/pages\/1560","targetHints":{"allow":["GET"]}}],"collection":[{"href":"https:\/\/ecaris.com\/fr\/wp-json\/wp\/v2\/pages"}],"about":[{"href":"https:\/\/ecaris.com\/fr\/wp-json\/wp\/v2\/types\/page"}],"author":[{"embeddable":true,"href":"https:\/\/ecaris.com\/fr\/wp-json\/wp\/v2\/users\/2"}],"replies":[{"embeddable":true,"href":"https:\/\/ecaris.com\/fr\/wp-json\/wp\/v2\/comments?post=1560"}],"version-history":[{"count":16,"href":"https:\/\/ecaris.com\/fr\/wp-json\/wp\/v2\/pages\/1560\/revisions"}],"predecessor-version":[{"id":2135,"href":"https:\/\/ecaris.com\/fr\/wp-json\/wp\/v2\/pages\/1560\/revisions\/2135"}],"wp:attachment":[{"href":"https:\/\/ecaris.com\/fr\/wp-json\/wp\/v2\/media?parent=1560"}],"curies":[{"name":"wp","href":"https:\/\/api.w.org\/{rel}","templated":true}]}}