{"id":439,"date":"2025-10-18T10:49:29","date_gmt":"2025-10-18T10:49:29","guid":{"rendered":"https:\/\/ecaris.fr\/?page_id=439"},"modified":"2026-01-29T03:24:09","modified_gmt":"2026-01-29T03:24:09","slug":"contact","status":"publish","type":"page","link":"https:\/\/ecaris.com\/fr\/contact\/","title":{"rendered":"Contact"},"content":{"rendered":"<div data-elementor-type=\"wp-page\" data-elementor-id=\"439\" class=\"elementor elementor-439\" data-elementor-post-type=\"page\">\n\t\t\t\t<div class=\"elementor-element elementor-element-ba462ad e-flex e-con-boxed e-con e-parent\" data-id=\"ba462ad\" data-element_type=\"container\">\n\t\t\t\t\t<div class=\"e-con-inner\">\n\t\t<div class=\"elementor-element elementor-element-467c9da e-con-full e-flex e-con e-child\" data-id=\"467c9da\" data-element_type=\"container\">\n\t\t<div class=\"elementor-element elementor-element-d998164 e-con-full e-flex e-con e-child\" data-id=\"d998164\" data-element_type=\"container\">\n\t\t\t\t<div class=\"elementor-element elementor-element-f254781 elementor-widget-mobile__width-auto elementor-widget elementor-widget-heading\" data-id=\"f254781\" data-element_type=\"widget\" data-widget_type=\"heading.default\">\n\t\t\t\t<div class=\"elementor-widget-container\">\n\t\t\t\t\t<h1 class=\"elementor-heading-title elementor-size-default\">Contactez-nous<\/h1>\t\t\t\t<\/div>\n\t\t\t\t<\/div>\n\t\t\t\t<\/div>\n\t\t<div class=\"elementor-element elementor-element-a2a94ce e-con-full e-flex e-con e-child\" data-id=\"a2a94ce\" data-element_type=\"container\">\n\t\t\t\t<div class=\"elementor-element elementor-element-7b0d125 elementor-widget elementor-widget-text-editor\" data-id=\"7b0d125\" data-element_type=\"widget\" data-widget_type=\"text-editor.default\">\n\t\t\t\t<div class=\"elementor-widget-container\">\n\t\t\t\t\t\t\t\t\t<p>Pour plus de d\u00e9tails sur nos services ou pour entrer en contact avec des consultants qualifi\u00e9s pour vos projets, veuillez nous contacter ci-dessous.<\/p>\t\t\t\t\t\t\t\t<\/div>\n\t\t\t\t<\/div>\n\t\t\t\t<\/div>\n\t\t\t\t<\/div>\n\t\t<div class=\"elementor-element elementor-element-7fab969 e-con-full e-flex e-con e-child\" data-id=\"7fab969\" data-element_type=\"container\">\n\t\t<div class=\"elementor-element elementor-element-fc54f0c e-con-full e-flex elementor-invisible e-con e-child\" data-id=\"fc54f0c\" data-element_type=\"container\" data-settings=\"{&quot;animation&quot;:&quot;fadeInUp&quot;}\">\n\t\t\t\t<div class=\"elementor-element elementor-element-9f7c917 elementor-button-align-start elementor-widget elementor-widget-form\" data-id=\"9f7c917\" data-element_type=\"widget\" data-settings=\"{&quot;step_next_label&quot;:&quot;Next&quot;,&quot;step_previous_label&quot;:&quot;Previous&quot;,&quot;button_width&quot;:&quot;100&quot;,&quot;step_type&quot;:&quot;number_text&quot;,&quot;step_icon_shape&quot;:&quot;circle&quot;}\" data-widget_type=\"form.default\">\n\t\t\t\t<div class=\"elementor-widget-container\">\n\t\t\t\t\t\t\t<form class=\"elementor-form\" method=\"post\" id=\"contact\" name=\"New Form\" aria-label=\"New Form\" action=\"\">\n\t\t\t<input type=\"hidden\" name=\"post_id\" value=\"439\"\/>\n\t\t\t<input type=\"hidden\" name=\"form_id\" value=\"9f7c917\"\/>\n\t\t\t<input type=\"hidden\" name=\"referer_title\" value=\"\" \/>\n\n\t\t\t\n\t\t\t<div class=\"elementor-form-fields-wrapper elementor-labels-above\">\n\t\t\t\t\t\t\t\t<div class=\"elementor-field-type-text elementor-field-group elementor-column elementor-field-group-name elementor-col-50\">\n\t\t\t\t\t\t\t\t\t\t\t\t<label for=\"form-field-name\" class=\"elementor-field-label\">\n\t\t\t\t\t\t\t\tPr\u00e9nom\t\t\t\t\t\t\t<\/label>\n\t\t\t\t\t\t\t\t\t\t\t\t\t\t<input size=\"1\" type=\"text\" name=\"form_fields[name]\" id=\"form-field-name\" class=\"elementor-field elementor-size-md  elementor-field-textual\">\n\t\t\t\t\t\t\t\t\t\t\t<\/div>\n\t\t\t\t\t\t\t\t<div class=\"elementor-field-type-text elementor-field-group elementor-column elementor-field-group-field_b535ae1 elementor-col-50\">\n\t\t\t\t\t\t\t\t\t\t\t\t<label for=\"form-field-field_b535ae1\" class=\"elementor-field-label\">\n\t\t\t\t\t\t\t\tNom\t\t\t\t\t\t\t<\/label>\n\t\t\t\t\t\t\t\t\t\t\t\t\t\t<input size=\"1\" type=\"text\" name=\"form_fields[field_b535ae1]\" id=\"form-field-field_b535ae1\" class=\"elementor-field elementor-size-md  elementor-field-textual\">\n\t\t\t\t\t\t\t\t\t\t\t<\/div>\n\t\t\t\t\t\t\t\t<div class=\"elementor-field-type-email elementor-field-group elementor-column elementor-field-group-email elementor-col-100 elementor-field-required elementor-mark-required\">\n\t\t\t\t\t\t\t\t\t\t\t\t<label for=\"form-field-email\" class=\"elementor-field-label\">\n\t\t\t\t\t\t\t\tEmail\t\t\t\t\t\t\t<\/label>\n\t\t\t\t\t\t\t\t\t\t\t\t\t\t<input size=\"1\" type=\"email\" name=\"form_fields[email]\" id=\"form-field-email\" class=\"elementor-field elementor-size-md  elementor-field-textual\" required=\"required\">\n\t\t\t\t\t\t\t\t\t\t\t<\/div>\n\t\t\t\t\t\t\t\t<div class=\"elementor-field-type-number elementor-field-group elementor-column elementor-field-group-field_666778c elementor-col-100 elementor-field-required elementor-mark-required\">\n\t\t\t\t\t\t\t\t\t\t\t\t<label for=\"form-field-field_666778c\" class=\"elementor-field-label\">\n\t\t\t\t\t\t\t\tT\u00e9l\u00e9phone\t\t\t\t\t\t\t<\/label>\n\t\t\t\t\t\t\t\t\t<input type=\"number\" name=\"form_fields[field_666778c]\" id=\"form-field-field_666778c\" class=\"elementor-field elementor-size-md  elementor-field-textual\" required=\"required\" min=\"\" max=\"\" >\n\t\t\t\t\t\t<\/div>\n\t\t\t\t\t\t\t\t<div class=\"elementor-field-type-text elementor-field-group elementor-column elementor-field-group-field_dd79a01 elementor-col-50\">\n\t\t\t\t\t\t\t\t\t\t\t\t<label for=\"form-field-field_dd79a01\" class=\"elementor-field-label\">\n\t\t\t\t\t\t\t\tEntreprise\t\t\t\t\t\t\t<\/label>\n\t\t\t\t\t\t\t\t\t\t\t\t\t\t<input size=\"1\" type=\"text\" name=\"form_fields[field_dd79a01]\" id=\"form-field-field_dd79a01\" class=\"elementor-field elementor-size-md  elementor-field-textual\">\n\t\t\t\t\t\t\t\t\t\t\t<\/div>\n\t\t\t\t\t\t\t\t<div class=\"elementor-field-type-select elementor-field-group elementor-column elementor-field-group-field_a00a40b elementor-col-50 elementor-field-required elementor-mark-required\">\n\t\t\t\t\t\t\t\t\t\t\t\t<label for=\"form-field-field_a00a40b\" class=\"elementor-field-label\">\n\t\t\t\t\t\t\t\tPays\t\t\t\t\t\t\t<\/label>\n\t\t\t\t\t\t\t\t<div class=\"elementor-field elementor-select-wrapper remove-before\">\n\t\t\t<div class=\"select-caret-down-wrapper\">\n\t\t\t\t<svg aria-hidden=\"true\" class=\"e-font-icon-svg e-eicon-caret-down\" viewbox=\"0 0 571.4 571.4\" xmlns=\"http:\/\/www.w3.org\/2000\/svg\"><path d=\"M571 393Q571 407 561 418L311 668Q300 679 286 679T261 668L11 418Q0 407 0 393T11 368 36 357H536Q550 357 561 368T571 393Z\"><\/path><\/svg>\t\t\t<\/div>\n\t\t\t<select name=\"form_fields[field_a00a40b]\" id=\"form-field-field_a00a40b\" class=\"elementor-field-textual elementor-size-md\" required=\"required\">\n\t\t\t\t\t\t\t\t\t<option value=\"France\">France<\/option>\n\t\t\t\t\t\t\t\t\t<option value=\"Germany\">Germany<\/option>\n\t\t\t\t\t\t\t\t\t<option value=\"Andorra\">Andorra<\/option>\n\t\t\t\t\t\t\t\t\t<option value=\"Austria\">Austria<\/option>\n\t\t\t\t\t\t\t\t\t<option value=\"Belgium\">Belgium<\/option>\n\t\t\t\t\t\t\t\t\t<option value=\"Denmark\">Denmark<\/option>\n\t\t\t\t\t\t\t\t\t<option value=\"Spain\">Spain<\/option>\n\t\t\t\t\t\t\t\t\t<option value=\"Italy\">Italy<\/option>\n\t\t\t\t\t\t\t\t\t<option value=\"Luxembourg\">Luxembourg<\/option>\n\t\t\t\t\t\t\t\t\t<option value=\"Monaco\">Monaco<\/option>\n\t\t\t\t\t\t\t\t\t<option value=\"Netherlands\">Netherlands<\/option>\n\t\t\t\t\t\t\t\t\t<option value=\"Poland\">Poland<\/option>\n\t\t\t\t\t\t\t\t\t<option value=\"Hungary\">Hungary<\/option>\n\t\t\t\t\t\t\t\t\t<option value=\"Portugal\">Portugal<\/option>\n\t\t\t\t\t\t\t\t\t<option value=\"Czech Republic\">Czech Republic<\/option>\n\t\t\t\t\t\t\t\t\t<option value=\"United Kingdom\">United Kingdom<\/option>\n\t\t\t\t\t\t\t\t\t<option value=\"Slovakia\">Slovakia<\/option>\n\t\t\t\t\t\t\t\t\t<option value=\"Sweden\">Sweden<\/option>\n\t\t\t\t\t\t\t\t\t<option value=\"Switzerland\">Switzerland<\/option>\n\t\t\t\t\t\t\t<\/select>\n\t\t<\/div>\n\t\t\t\t\t\t<\/div>\n\t\t\t\t\t\t\t\t<div class=\"elementor-field-type-select elementor-field-group elementor-column elementor-field-group-field_2588973 elementor-col-100\">\n\t\t\t\t\t\t\t\t\t\t\t\t<label for=\"form-field-field_2588973\" class=\"elementor-field-label\">\n\t\t\t\t\t\t\t\tQuel est votre secteur ?\t\t\t\t\t\t\t<\/label>\n\t\t\t\t\t\t\t\t<div class=\"elementor-field elementor-select-wrapper remove-before\">\n\t\t\t<div class=\"select-caret-down-wrapper\">\n\t\t\t\t<svg aria-hidden=\"true\" class=\"e-font-icon-svg e-eicon-caret-down\" viewbox=\"0 0 571.4 571.4\" xmlns=\"http:\/\/www.w3.org\/2000\/svg\"><path d=\"M571 393Q571 407 561 418L311 668Q300 679 286 679T261 668L11 418Q0 407 0 393T11 368 36 357H536Q550 357 561 368T571 393Z\"><\/path><\/svg>\t\t\t<\/div>\n\t\t\t<select name=\"form_fields[field_2588973]\" id=\"form-field-field_2588973\" class=\"elementor-field-textual elementor-size-md\">\n\t\t\t\t\t\t\t\t\t<option value=\"Agriculture\">Agriculture<\/option>\n\t\t\t\t\t\t\t\t\t<option value=\"Automotive\">Automotive<\/option>\n\t\t\t\t\t\t\t\t\t<option value=\"Banking &amp; Financial Services\">Banking &amp; Financial Services<\/option>\n\t\t\t\t\t\t\t\t\t<option value=\"Biotechnology\">Biotechnology<\/option>\n\t\t\t\t\t\t\t\t\t<option value=\"Construction\">Construction<\/option>\n\t\t\t\t\t\t\t\t\t<option value=\"Consumer Goods\">Consumer Goods<\/option>\n\t\t\t\t\t\t\t\t\t<option value=\"Education\">Education<\/option>\n\t\t\t\t\t\t\t\t\t<option value=\"Energy &amp; Utilities\">Energy &amp; Utilities<\/option>\n\t\t\t\t\t\t\t\t\t<option value=\"Entertainment &amp; Media\">Entertainment &amp; Media<\/option>\n\t\t\t\t\t\t\t\t\t<option value=\"Environmental Services\">Environmental Services<\/option>\n\t\t\t\t\t\t\t\t\t<option value=\"Fashion &amp; Apparel\">Fashion &amp; Apparel<\/option>\n\t\t\t\t\t\t\t\t\t<option value=\"Food &amp; Beverage\">Food &amp; Beverage<\/option>\n\t\t\t\t\t\t\t\t\t<option value=\"Government\">Government<\/option>\n\t\t\t\t\t\t\t\t\t<option value=\"Healthcare &amp; Medical\">Healthcare &amp; Medical<\/option>\n\t\t\t\t\t\t\t\t\t<option value=\"Hospitality &amp; Tourism\">Hospitality &amp; Tourism<\/option>\n\t\t\t\t\t\t\t\t\t<option value=\"Information Technology\">Information Technology<\/option>\n\t\t\t\t\t\t\t\t\t<option value=\"Insurance\">Insurance<\/option>\n\t\t\t\t\t\t\t\t\t<option value=\"Legal Services\">Legal Services<\/option>\n\t\t\t\t\t\t\t\t\t<option value=\"Logistics &amp; Transportation\">Logistics &amp; Transportation<\/option>\n\t\t\t\t\t\t\t\t\t<option value=\"Manufacturing\">Manufacturing<\/option>\n\t\t\t\t\t\t\t\t\t<option value=\"Marketing &amp; Advertising\">Marketing &amp; Advertising<\/option>\n\t\t\t\t\t\t\t\t\t<option value=\"Mining &amp; Metals\">Mining &amp; Metals<\/option>\n\t\t\t\t\t\t\t\t\t<option value=\"Non-Profit &amp; NGOs\">Non-Profit &amp; NGOs<\/option>\n\t\t\t\t\t\t\t\t\t<option value=\"Pharmaceuticals\">Pharmaceuticals<\/option>\n\t\t\t\t\t\t\t\t\t<option value=\"Professional Services\">Professional Services<\/option>\n\t\t\t\t\t\t\t\t\t<option value=\"Real Estate\">Real Estate<\/option>\n\t\t\t\t\t\t\t\t\t<option value=\"Retail\">Retail<\/option>\n\t\t\t\t\t\t\t\t\t<option value=\"Telecommunications\">Telecommunications<\/option>\n\t\t\t\t\t\t\t\t\t<option value=\"Textiles\">Textiles<\/option>\n\t\t\t\t\t\t\t\t\t<option value=\"Trade &amp; Distribution\">Trade &amp; Distribution<\/option>\n\t\t\t\t\t\t\t\t\t<option value=\"Training &amp; Development\">Training &amp; Development<\/option>\n\t\t\t\t\t\t\t\t\t<option value=\"Travel &amp; Leisure\">Travel &amp; Leisure<\/option>\n\t\t\t\t\t\t\t\t\t<option value=\"Wholesale\">Wholesale<\/option>\n\t\t\t\t\t\t\t\t\t<option value=\"Other\">Other<\/option>\n\t\t\t\t\t\t\t<\/select>\n\t\t<\/div>\n\t\t\t\t\t\t<\/div>\n\t\t\t\t\t\t\t\t<div class=\"elementor-field-type-textarea elementor-field-group elementor-column elementor-field-group-message elementor-col-100\">\n\t\t\t\t\t\t\t\t\t\t\t\t<label for=\"form-field-message\" class=\"elementor-field-label\">\n\t\t\t\t\t\t\t\tCommentaires\t\t\t\t\t\t\t<\/label>\n\t\t\t\t\t\t<textarea class=\"elementor-field-textual elementor-field  elementor-size-md\" name=\"form_fields[message]\" id=\"form-field-message\" rows=\"4\" placeholder=\"Taper votre message ...\"><\/textarea>\t\t\t\t<\/div>\n\t\t\t\t\t\t\t\t<div class=\"elementor-field-type-acceptance elementor-field-group elementor-column elementor-field-group-field_3de5da3 elementor-col-100\">\n\t\t\t\t\t\t\t<div class=\"elementor-field-subgroup\">\n\t\t\t<span class=\"elementor-field-option\">\n\t\t\t\t<input type=\"checkbox\" name=\"form_fields[field_3de5da3]\" id=\"form-field-field_3de5da3\" class=\"elementor-field elementor-size-md  elementor-acceptance-field\">\n\t\t\t\t<label for=\"form-field-field_3de5da3\">J'accepte <a href=\"\/fr\/legace-notice\/\">les conditions g\u00e9n\u00e9rales<\/a><\/label>\t\t\t<\/span>\n\t\t<\/div>\n\t\t\t\t\t\t<\/div>\n\t\t\t\t\t\t\t\t<div class=\"elementor-field-type-recaptcha_v3 elementor-field-group elementor-column elementor-field-group-field_6cc086f elementor-col-100 recaptcha_v3-bottomright\">\n\t\t\t\t\t<div class=\"elementor-field\" id=\"form-field-field_6cc086f\"><div class=\"elementor-g-recaptcha\" data-sitekey=\"6LesrFksAAAAAPVWnXn6Y0qvk-5E4DBjz0f-WvpY\" data-type=\"v3\" data-action=\"Form\" data-badge=\"bottomright\" data-size=\"invisible\"><\/div><\/div>\t\t\t\t<\/div>\n\t\t\t\t\t\t\t\t<div class=\"elementor-field-group elementor-column elementor-field-type-submit elementor-col-100 e-form__buttons\">\n\t\t\t\t\t<button class=\"elementor-button elementor-size-sm\" type=\"submit\">\n\t\t\t\t\t\t<span class=\"elementor-button-content-wrapper\">\n\t\t\t\t\t\t\t\t\t\t\t\t\t\t\t<span class=\"elementor-button-icon\">\n\t\t\t\t\t\t\t\t\t<svg xmlns=\"http:\/\/www.w3.org\/2000\/svg\" width=\"32\" height=\"32\" viewbox=\"0 0 32 32\" fill=\"none\"><path d=\"M26.6673 5.3335H8.00065C6.52998 5.3335 5.33398 6.5295 5.33398 8.00016V14.6668H8.00065V10.6668L16.534 17.0668C16.7648 17.2399 17.0455 17.3335 17.334 17.3335C17.6225 17.3335 17.9032 17.2399 18.134 17.0668L26.6673 10.6668V22.6668H16.0007V25.3335H26.6673C28.138 25.3335 29.334 24.1375 29.334 22.6668V8.00016C29.334 6.5295 28.138 5.3335 26.6673 5.3335ZM17.334 14.3335L8.88865 8.00016H25.7793L17.334 14.3335Z\" fill=\"white\"><\/path><path d=\"M2.66602 16H11.9993V18.6667H2.66602V16ZM5.33268 20H13.3327V22.6667H5.33268V20ZM9.33268 24H14.666V26.6667H9.33268V24Z\" fill=\"white\"><\/path><\/svg>\t\t\t\t\t\t\t\t\t\t\t\t\t\t\t\t\t<\/span>\n\t\t\t\t\t\t\t\t\t\t\t\t\t\t\t\t\t\t\t\t\t\t<span class=\"elementor-button-text\">Envoyer<\/span>\n\t\t\t\t\t\t\t\t\t\t\t\t\t<\/span>\n\t\t\t\t\t<\/button>\n\t\t\t\t<\/div>\n\t\t\t<\/div>\n\t\t<input type=\"hidden\" name=\"trp-form-language\" value=\"fr\"\/><\/form>\n\t\t\t\t\t\t<\/div>\n\t\t\t\t<\/div>\n\t\t\t\t<\/div>\n\t\t<div class=\"elementor-element elementor-element-0e43fed e-con-full e-flex elementor-invisible e-con e-child\" data-id=\"0e43fed\" data-element_type=\"container\" data-settings=\"{&quot;animation&quot;:&quot;fadeInUp&quot;,&quot;animation_delay&quot;:300}\">\n\t\t<div class=\"elementor-element elementor-element-964119a e-con-full e-flex e-con e-child\" data-id=\"964119a\" data-element_type=\"container\" data-settings=\"{&quot;background_background&quot;:&quot;classic&quot;}\">\n\t\t\t\t<div class=\"elementor-element elementor-element-2e467da elementor-widget__width-auto elementor-widget elementor-widget-heading\" data-id=\"2e467da\" data-element_type=\"widget\" data-widget_type=\"heading.default\">\n\t\t\t\t<div class=\"elementor-widget-container\">\n\t\t\t\t\t<p class=\"elementor-heading-title elementor-size-default\">ECARIS Consulting<\/p>\t\t\t\t<\/div>\n\t\t\t\t<\/div>\n\t\t\t\t<div class=\"elementor-element elementor-element-3c48bb0 elementor-widget elementor-widget-heading\" data-id=\"3c48bb0\" data-element_type=\"widget\" data-widget_type=\"heading.default\">\n\t\t\t\t<div class=\"elementor-widget-container\">\n\t\t\t\t\t<h1 class=\"elementor-heading-title elementor-size-default\">Conseil d\u2019\u00e9lite. Experts m\u00e9tier. Transformation guid\u00e9e par les donn\u00e9es.<\/h1>\t\t\t\t<\/div>\n\t\t\t\t<\/div>\n\t\t\t\t<div class=\"elementor-element elementor-element-3fceea5 elementor-widget elementor-widget-text-editor\" data-id=\"3fceea5\" data-element_type=\"widget\" data-widget_type=\"text-editor.default\">\n\t\t\t\t<div class=\"elementor-widget-container\">\n\t\t\t\t\t\t\t\t\t<p>Nous acc\u00e9l\u00e9rons votre transformation digitale gr\u00e2ce \u00e0 des consultants seniors alliant expertise sectorielle et ma\u00eetrise des technologies de pointe en data et intelligence artificielle.<\/p>\t\t\t\t\t\t\t\t<\/div>\n\t\t\t\t<\/div>\n\t\t<div class=\"elementor-element elementor-element-6d6eccd e-con-full e-flex e-con e-child\" data-id=\"6d6eccd\" data-element_type=\"container\">\n\t\t\t\t<div class=\"elementor-element elementor-element-bbc5e3a elementor-widget elementor-widget-button\" data-id=\"bbc5e3a\" data-element_type=\"widget\" data-widget_type=\"button.default\">\n\t\t\t\t<div class=\"elementor-widget-container\">\n\t\t\t\t\t\t\t\t\t<div class=\"elementor-button-wrapper\">\n\t\t\t\t\t<a class=\"elementor-button elementor-button-link elementor-size-sm\" href=\"https:\/\/meetings-eu1.hubspot.com\/tancrede-cohet\/echange-avec-ecaris-core-team\">\n\t\t\t\t\t\t<span class=\"elementor-button-content-wrapper\">\n\t\t\t\t\t\t\t\t\t<span class=\"elementor-button-text\">R\u00e9server un rendez-vous<\/span>\n\t\t\t\t\t<\/span>\n\t\t\t\t\t<\/a>\n\t\t\t\t<\/div>\n\t\t\t\t\t\t\t\t<\/div>\n\t\t\t\t<\/div>\n\t\t\t\t<\/div>\n\t\t\t\t<\/div>\n\t\t\t\t<\/div>\n\t\t\t\t<\/div>\n\t\t<div class=\"elementor-element elementor-element-67b1a1f e-con-full e-flex e-con e-child\" data-id=\"67b1a1f\" data-element_type=\"container\" data-settings=\"{&quot;background_background&quot;:&quot;classic&quot;}\">\n\t\t\t\t<div class=\"elementor-element elementor-element-873dc22 elementor-widget elementor-widget-heading\" data-id=\"873dc22\" data-element_type=\"widget\" data-widget_type=\"heading.default\">\n\t\t\t\t<div class=\"elementor-widget-container\">\n\t\t\t\t\t<h2 class=\"elementor-heading-title elementor-size-default\">Nos Bureaux<\/h2>\t\t\t\t<\/div>\n\t\t\t\t<\/div>\n\t\t<div class=\"elementor-element elementor-element-b1c3cea e-con-full e-flex e-con e-child\" data-id=\"b1c3cea\" data-element_type=\"container\">\n\t\t<div class=\"elementor-element elementor-element-3988421 e-con-full e-flex e-con e-child\" data-id=\"3988421\" data-element_type=\"container\">\n\t\t\t\t<div class=\"elementor-element elementor-element-75932df elementor-widget elementor-widget-heading\" data-id=\"75932df\" data-element_type=\"widget\" data-widget_type=\"heading.default\">\n\t\t\t\t<div class=\"elementor-widget-container\">\n\t\t\t\t\t<h4 class=\"elementor-heading-title elementor-size-default\">ECARIS France<\/h4>\t\t\t\t<\/div>\n\t\t\t\t<\/div>\n\t\t\t\t<div class=\"elementor-element elementor-element-8d3f618 elementor-widget__width-initial elementor-widget elementor-widget-text-editor\" data-id=\"8d3f618\" data-element_type=\"widget\" data-widget_type=\"text-editor.default\">\n\t\t\t\t<div class=\"elementor-widget-container\">\n\t\t\t\t\t\t\t\t\t<p>78 avenue des Champs-Elys\u00e9es\u2028<\/p><p>75008 Paris\u2028<\/p><p>FRANCE<\/p>\t\t\t\t\t\t\t\t<\/div>\n\t\t\t\t<\/div>\n\t\t\t\t<\/div>\n\t\t<div class=\"elementor-element elementor-element-fedfd20 e-con-full e-flex e-con e-child\" data-id=\"fedfd20\" data-element_type=\"container\">\n\t\t\t\t<div class=\"elementor-element elementor-element-63e62a2 elementor-widget elementor-widget-heading\" data-id=\"63e62a2\" data-element_type=\"widget\" data-widget_type=\"heading.default\">\n\t\t\t\t<div class=\"elementor-widget-container\">\n\t\t\t\t\t<h4 class=\"elementor-heading-title elementor-size-default\">ECARIS Luxembourg<\/h4>\t\t\t\t<\/div>\n\t\t\t\t<\/div>\n\t\t\t\t<div class=\"elementor-element elementor-element-42dadbb elementor-widget__width-initial elementor-widget elementor-widget-text-editor\" data-id=\"42dadbb\" data-element_type=\"widget\" data-widget_type=\"text-editor.default\">\n\t\t\t\t<div class=\"elementor-widget-container\">\n\t\t\t\t\t\t\t\t\t<p>70 route d\u2019Esch\u2028<\/p><p>1470 Luxembourg\u2028<\/p><p>LUXEMBOURG<\/p>\t\t\t\t\t\t\t\t<\/div>\n\t\t\t\t<\/div>\n\t\t\t\t<\/div>\n\t\t\t\t<\/div>\n\t\t\t\t<\/div>\n\t\t\t\t\t<\/div>\n\t\t\t\t<\/div>\n\t\t\t\t<\/div>","protected":false},"excerpt":{"rendered":"<p>Contact us For more details about our services or to connect with skilled professionals for your projects, please contact us below. ECARIS Consulting Elite consulting. Industry Insights. Data-driven transformation. Empowering your digital transformation with senior consultants who combine deep industry expertise and cutting-edge skills in data and artificial intelligence. Book a meeting Our Offices ECARIS [&hellip;]<\/p>","protected":false},"author":2,"featured_media":0,"parent":0,"menu_order":0,"comment_status":"closed","ping_status":"closed","template":"","meta":{"_seopress_robots_primary_cat":"","_seopress_titles_title":"Contact ECARIS Consulting for Expert Digital Solutions","_seopress_titles_desc":"Connect with ECARIS Consulting for expert data-driven transformation and industry insights. Book a meeting with our senior consultants today.","_seopress_robots_index":"","footnotes":""},"class_list":["post-439","page","type-page","status-publish","hentry"],"_links":{"self":[{"href":"https:\/\/ecaris.com\/fr\/wp-json\/wp\/v2\/pages\/439","targetHints":{"allow":["GET"]}}],"collection":[{"href":"https:\/\/ecaris.com\/fr\/wp-json\/wp\/v2\/pages"}],"about":[{"href":"https:\/\/ecaris.com\/fr\/wp-json\/wp\/v2\/types\/page"}],"author":[{"embeddable":true,"href":"https:\/\/ecaris.com\/fr\/wp-json\/wp\/v2\/users\/2"}],"replies":[{"embeddable":true,"href":"https:\/\/ecaris.com\/fr\/wp-json\/wp\/v2\/comments?post=439"}],"version-history":[{"count":130,"href":"https:\/\/ecaris.com\/fr\/wp-json\/wp\/v2\/pages\/439\/revisions"}],"predecessor-version":[{"id":2258,"href":"https:\/\/ecaris.com\/fr\/wp-json\/wp\/v2\/pages\/439\/revisions\/2258"}],"wp:attachment":[{"href":"https:\/\/ecaris.com\/fr\/wp-json\/wp\/v2\/media?parent=439"}],"curies":[{"name":"wp","href":"https:\/\/api.w.org\/{rel}","templated":true}]}}